{"id":15,"date":"2019-02-11T03:36:08","date_gmt":"2019-02-11T03:36:08","guid":{"rendered":"http:\/\/websitegiaredanang.com\/hotel-hillter\/?page_id=15"},"modified":"2025-04-01T19:24:17","modified_gmt":"2025-04-01T12:24:17","slug":"gioi-thieu","status":"publish","type":"page","link":"https:\/\/flamingohaitienbooking.com.vn\/?page_id=15","title":{"rendered":"Gi\u1edbi thi\u1ec7u"},"content":{"rendered":"\t<section class=\"section pt-0\" id=\"section_1901560012\">\n\t\t<div class=\"bg section-bg fill bg-fill  bg-loaded\" >\n\n\t\t\t\n\t\t\t\n\t\t\t\n\n\t\t<\/div>\n\n\t\t\n\n\t\t<div class=\"section-content relative\">\n\t\t\t\n\n  <div class=\"banner has-hover\" id=\"banner-989223756\">\n          <div class=\"banner-inner fill\">\n        <div class=\"banner-bg fill\" >\n            <div class=\"bg fill bg-fill \"><\/div>\n                                    \n                    <\/div>\n\t\t\n        <div class=\"banner-layers container\">\n            <div class=\"fill banner-link\"><\/div>            \n   <div id=\"text-box-626994743\" class=\"text-box banner-layer x50 md-x50 lg-x50 y50 md-y50 lg-y50 res-text\">\n                                <div class=\"text-box-content text \">\n              \n              <div class=\"text-inner text-center\">\n                  \n<h3 class=\"uppercase\"><strong>Gi\u1edbi thi\u1ec7u<\/strong><\/h3>\n              <\/div>\n           <\/div>\n                            \n<style>\n#text-box-626994743 .text-box-content {\n  background-color: rgba(255, 255, 255, 0.85);\n  font-size: 100%;\n}\n#text-box-626994743 .text-inner {\n  padding: 20px 0px 20px 0px;\n}\n#text-box-626994743 {\n  width: 50%;\n}\n@media (min-width:550px) {\n  #text-box-626994743 {\n    width: 25%;\n  }\n}\n<\/style>\n    <\/div>\n \n        <\/div>\n      <\/div>\n\n            \n<style>\n#banner-989223756 {\n  padding-top: 320px;\n}\n#banner-989223756 .bg.bg-loaded {\n  background-image: url(https:\/\/flamingohaitienbooking.com.vn\/wp-content\/uploads\/2025\/04\/fde7aba0a253120d4b4227-1.jpg);\n}\n#banner-989223756 .ux-shape-divider--top svg {\n  height: 150px;\n  --divider-top-width: 100%;\n}\n#banner-989223756 .ux-shape-divider--bottom svg {\n  height: 150px;\n  --divider-width: 100%;\n}\n<\/style>\n  <\/div>\n\n\n\t\t<\/div>\n\n\t\t\n<style>\n#section_1901560012 {\n  padding-top: 30px;\n  padding-bottom: 30px;\n}\n#section_1901560012 .ux-shape-divider--top svg {\n  height: 150px;\n  --divider-top-width: 100%;\n}\n#section_1901560012 .ux-shape-divider--bottom svg {\n  height: 150px;\n  --divider-width: 100%;\n}\n<\/style>\n\t<\/section>\n\t\n\t<section class=\"section\" id=\"section_195151807\">\n\t\t<div class=\"bg section-bg fill bg-fill  bg-loaded\" >\n\n\t\t\t\n\t\t\t\n\t\t\t\n\n\t\t<\/div>\n\n\t\t\n\n\t\t<div class=\"section-content relative\">\n\t\t\t\n<div class=\"row\"  id=\"row-1585861672\">\n\n\t<div id=\"col-669563540\" class=\"col small-12 large-12\"  >\n\t\t\t\t<div class=\"col-inner\"  >\n\t\t\t\n\t\t\t\n<p><em><strong>Flamingo H\u1ea3i Ti\u1ebfn l\u00e0 t\u1ed5 h\u1ee3p kh\u00e1ch s\u1ea1n ngh\u1ec9 d\u01b0\u1ee1ng, vui ch\u01a1i \u0111\u1ea7y s\u1eafc m\u00e0u, n\u1eb1m tr\u00ean b\u00e3i bi\u1ec3n ri\u00eang, 3 m\u1eb7t view bi\u1ec3n. Lu\u00f4n s\u1eb5n ph\u00f2ng gi\u00e1 t\u1ed1t, \u01b0u \u0111\u00e3i l\u1edbn:<\/strong><\/em><\/p>\n<p>Flamingo H\u1ea3i ti\u1ebfn \u0111ang kh\u1eb3ng \u0111\u1ecbnh l\u00e0 l\u1ef1a ch\u1ecdn h\u00e0ng \u0111\u1ea7u cho chuy\u1ebfn \u0111i ngh\u1ec9 d\u01b0\u1ee1ng, vui ch\u01a1i b\u00e3i bi\u1ec3n. Bi\u1ec3n h\u1ea3i ti\u1ebfn s\u1ebd chinh ph\u1ee5c b\u1ea1n b\u1edfi b\u00e3i c\u00e1t \u0111\u1eb9p, h\u00e0ng d\u1eeba xanh, nh\u1eefng con s\u00f3ng m\u00e1t l\u1ea1nh v\u00e0 nh\u1eefng ti\u1ec7n \u00edch 5 sao. B\u00ean c\u1ea1nh \u0111\u00f3 Flamingo H\u1ea3i Ti\u1ebfn c\u00f2n cung c\u1ea5p cho b\u1ea1n nhi\u1ec1u tr\u00f2 ch\u01a1i tr\u00ean bi\u1ec3n, trong nh\u00e0 , l\u1ec5 h\u1ed9i \u0111\u01b0\u1eddng ph\u1ed1.<\/p>\n\t\t<\/div>\n\t\t\t\t\t<\/div>\n\n\t\n<\/div>\n\t\t<\/div>\n\n\t\t\n<style>\n#section_195151807 {\n  padding-top: 30px;\n  padding-bottom: 30px;\n}\n#section_195151807 .ux-shape-divider--top svg {\n  height: 150px;\n  --divider-top-width: 100%;\n}\n#section_195151807 .ux-shape-divider--bottom svg {\n  height: 150px;\n  --divider-width: 100%;\n}\n<\/style>\n\t<\/section>\n\t\n","protected":false},"excerpt":{"rendered":"","protected":false},"author":1,"featured_media":0,"parent":0,"menu_order":0,"comment_status":"closed","ping_status":"closed","template":"page-blank.php","meta":{"footnotes":""},"class_list":["post-15","page","type-page","status-publish","hentry"],"_links":{"self":[{"href":"https:\/\/flamingohaitienbooking.com.vn\/index.php?rest_route=\/wp\/v2\/pages\/15","targetHints":{"allow":["GET"]}}],"collection":[{"href":"https:\/\/flamingohaitienbooking.com.vn\/index.php?rest_route=\/wp\/v2\/pages"}],"about":[{"href":"https:\/\/flamingohaitienbooking.com.vn\/index.php?rest_route=\/wp\/v2\/types\/page"}],"author":[{"embeddable":true,"href":"https:\/\/flamingohaitienbooking.com.vn\/index.php?rest_route=\/wp\/v2\/users\/1"}],"replies":[{"embeddable":true,"href":"https:\/\/flamingohaitienbooking.com.vn\/index.php?rest_route=%2Fwp%2Fv2%2Fcomments&post=15"}],"version-history":[{"count":8,"href":"https:\/\/flamingohaitienbooking.com.vn\/index.php?rest_route=\/wp\/v2\/pages\/15\/revisions"}],"predecessor-version":[{"id":435,"href":"https:\/\/flamingohaitienbooking.com.vn\/index.php?rest_route=\/wp\/v2\/pages\/15\/revisions\/435"}],"wp:attachment":[{"href":"https:\/\/flamingohaitienbooking.com.vn\/index.php?rest_route=%2Fwp%2Fv2%2Fmedia&parent=15"}],"curies":[{"name":"wp","href":"https:\/\/api.w.org\/{rel}","templated":true}]}}